{"id":24361,"date":"2021-07-14T10:58:10","date_gmt":"2021-07-14T13:58:10","guid":{"rendered":"https:\/\/institutocervera.edu.ar\/institucional\/"},"modified":"2025-12-22T11:38:31","modified_gmt":"2025-12-22T14:38:31","slug":"about-us","status":"publish","type":"page","link":"https:\/\/institutocervera.edu.ar\/en\/about-us\/","title":{"rendered":"About us"},"content":{"rendered":"<section class=\"l-section wpb_row us_custom_ec9218fc height_large color_primary parallax_fixed with_slider\"><div class=\"l-section-slider\"><div class=\"w-slider style_none fit_cover nav_none count_9\"><div class=\"w-slider-h\" aria-hidden=\"true\"><div class=\"royalSlider\"><div class=\"rsContent\"><a class=\"rsImg\" data-rsw=\"2560\" data-rsh=\"1440\" href=\"https:\/\/institutocervera.edu.ar\/wp-content\/uploads\/2021\/06\/20190228_172626-scaled.jpg\"><span data-alt=\"\"><\/span><\/a><\/div><div class=\"rsContent\"><a class=\"rsImg\" data-rsw=\"2560\" data-rsh=\"1440\" href=\"https:\/\/institutocervera.edu.ar\/wp-content\/uploads\/2021\/06\/20170920_193229-scaled.jpg\"><span data-alt=\"\"><\/span><\/a><\/div><div class=\"rsContent\"><a class=\"rsImg\" data-rsw=\"2560\" data-rsh=\"1440\" href=\"https:\/\/institutocervera.edu.ar\/wp-content\/uploads\/2021\/06\/20190228_172704-scaled.jpg\"><span data-alt=\"\"><\/span><\/a><\/div><div class=\"rsContent\"><a class=\"rsImg\" data-rsw=\"2560\" data-rsh=\"1440\" href=\"https:\/\/institutocervera.edu.ar\/wp-content\/uploads\/2021\/06\/20190215_185404-scaled.jpg\"><span data-alt=\"\"><\/span><\/a><\/div><div class=\"rsContent\"><a class=\"rsImg\" data-rsw=\"2560\" data-rsh=\"1440\" href=\"https:\/\/institutocervera.edu.ar\/wp-content\/uploads\/2021\/06\/20170920_192534-scaled.jpg\"><span data-alt=\"\"><\/span><\/a><\/div><div class=\"rsContent\"><a class=\"rsImg\" data-rsw=\"2560\" data-rsh=\"1440\" href=\"https:\/\/institutocervera.edu.ar\/wp-content\/uploads\/2021\/06\/20190228_172823-scaled.jpg\"><span data-alt=\"\"><\/span><\/a><\/div><div class=\"rsContent\"><a class=\"rsImg\" data-rsw=\"2560\" data-rsh=\"1440\" href=\"https:\/\/institutocervera.edu.ar\/wp-content\/uploads\/2021\/06\/20170920_185111-scaled.jpg\"><span data-alt=\"\"><\/span><\/a><\/div><div class=\"rsContent\"><a class=\"rsImg\" data-rsw=\"2560\" data-rsh=\"1440\" href=\"https:\/\/institutocervera.edu.ar\/wp-content\/uploads\/2021\/06\/20190228_172733-scaled.jpg\"><span data-alt=\"\"><\/span><\/a><\/div><div class=\"rsContent\"><a class=\"rsImg\" data-rsw=\"2560\" data-rsh=\"1440\" href=\"https:\/\/institutocervera.edu.ar\/wp-content\/uploads\/2021\/06\/20190215_185429-scaled.jpg\"><span data-alt=\"\"><\/span><\/a><\/div><\/div><img decoding=\"async\" src=\"https:\/\/institutocervera.edu.ar\/wp-content\/uploads\/2021\/06\/20190228_172626-scaled.jpg\" width=\"2560\" height=\"1440\" alt loading=\"lazy\"><\/div><div class=\"w-slider-json\" onclick='return {&quot;autoScaleSlider&quot;:true,&quot;addActiveClass&quot;:true,&quot;loop&quot;:true,&quot;fadeInLoadedSlide&quot;:false,&quot;slidesSpacing&quot;:0,&quot;imageScalePadding&quot;:0,&quot;numImagesToPreload&quot;:2,&quot;arrowsNav&quot;:false,&quot;arrowsNavAutoHide&quot;:false,&quot;transitionType&quot;:&quot;fade&quot;,&quot;transitionSpeed&quot;:1000,&quot;block&quot;:{&quot;moveEffect&quot;:&quot;none&quot;,&quot;speed&quot;:300},&quot;thumbs&quot;:{&quot;fitInViewport&quot;:false,&quot;firstMargin&quot;:false,&quot;spacing&quot;:4},&quot;controlNavigation&quot;:&quot;none&quot;,&quot;autoplay&quot;:{&quot;enabled&quot;:true,&quot;pauseOnHover&quot;:false,&quot;delay&quot;:3000},&quot;autoScaleSliderWidth&quot;:2560,&quot;autoScaleSliderHeight&quot;:1440}'><\/div><\/div><\/div><div class=\"l-section-overlay\" style=\"background:linear-gradient(135deg,rgba(55,98,150,0.75),rgba(237,50,55,0.75))\"><\/div><div class=\"l-section-h i-cf\"><div class=\"g-cols vc_row via_flex valign_bottom type_default stacking_default\"><div class=\"vc_col-sm-12 wpb_column vc_column_container\"><div class=\"vc_column-inner\"><div class=\"wpb_wrapper\"><div class=\"w-separator size_medium\"><\/div><h1 class=\"w-post-elm post_title us_custom_c64138d2 has_text_color align_left entry-title color_link_inherit\">About us<\/h1><\/div><\/div><\/div><\/div><\/div><\/section><section class=\"l-section wpb_row height_auto width_full color_primary type_sticky\"><div class=\"l-section-h i-cf\"><div class=\"g-cols vc_row via_flex valign_top type_default stacking_default\"><div class=\"vc_col-sm-12 wpb_column vc_column_container us_animate_afc\"><div class=\"vc_column-inner\"><div class=\"wpb_wrapper\"><nav class=\"w-menu us_custom_eb849559 layout_hor style_blocks not_responsive us_menu_1\" style=\"--main-ver-indent:0.8em;--main-hor-indent:0.8em;--main-color:inherit;--main-active-color:#e8e8e8;\"><ul id=\"menu-about-us\" class=\"menu\"><li id=\"menu-item-24415\" class=\"menu-item menu-item-type-custom menu-item-object-custom menu-item-24415\"><a href=\"#historia\">HISTORY<\/a><\/li><li id=\"menu-item-24416\" class=\"menu-item menu-item-type-custom menu-item-object-custom menu-item-24416\"><a href=\"#actualidad\">THE INSTITUTE TODAY<\/a><\/li><\/ul><\/nav><\/div><\/div><\/div><\/div><\/div><\/section><section class=\"l-section wpb_row us_custom_b1093e56 height_large\" id=\"historia\"><div class=\"l-section-h i-cf\"><div class=\"g-cols vc_row via_flex valign_top type_default stacking_default\"><div class=\"vc_col-sm-12 wpb_column vc_column_container us_animate_afb\" style=\"animation-delay:0.2s\"><div class=\"vc_column-inner\"><div class=\"wpb_wrapper\"><div class=\"wpb_text_column us_custom_20d7b8c7\"><div class=\"wpb_wrapper\"><h2><span>History<\/span><\/h2>\n<p style=\"text-align: justify;\">Our institute was founded in 1970 by Order No. 602 of the Province Private Education Service to incorporate as of 16 March 1970 the advanced education courses of English and French, then offered by the Technical School no. 8 \u201cAcademia de Lenguas Vivas\u201d, into the Higher Education Institute of Teacher Training in English and French, registered under number #1.<\/p>\n<p style=\"text-align: justify;\"><span>In 1973 through Order No. 330, the Ministry of Education and Culture of Santa Fe grants official recognition to the Institute\u2019s courses of study.<\/span><\/p>\n<p style=\"text-align: justify;\"><span>In 1975, a group mostly made up of women creates the Civil Association \u201cHigher Education Institute of Teacher Training in English and French No. 1\u201d, with the main objective of providing higher or tertiary-level language education, promoting professional development, and fostering cultural enrichment to the benefit of students and the society.<\/span><\/p>\n<p style=\"text-align: justify;\"><span>In 1982, the Head of the Province Private Education Service signs Ordinance no. 1224 to name the institute \u201cEstela Guinle de Cervera\u201d, in recognition of the tireless service and profound teaching vocation of its founder and first director, who dedicated her life to education and culture.<\/span><\/p>\n<\/div><\/div><\/div><\/div><\/div><\/div><\/div><\/section><section class=\"l-section wpb_row us_custom_e8ac8007 has_text_color height_large with_img parallax_fixed\" id=\"actualidad\"><div class=\"l-section-img\" role=\"img\" aria-label=\"Image\" data-img-width=\"1920\" data-img-height=\"1080\" style=\"background-image: url(https:\/\/institutocervera.edu.ar\/wp-content\/uploads\/2021\/07\/instituto.jpg);\"><\/div><div class=\"l-section-overlay\" style=\"background:rgba(0,0,0,0.75)\"><\/div><div class=\"l-section-h i-cf\"><div class=\"g-cols vc_row via_flex valign_top type_default stacking_default\"><div class=\"vc_col-sm-12 wpb_column vc_column_container us_animate_afb\" style=\"animation-delay:0.4s\"><div class=\"vc_column-inner\"><div class=\"wpb_wrapper\"><div class=\"wpb_text_column us_custom_20d7b8c7\"><div class=\"wpb_wrapper\"><h2><span>The institute today<\/span><\/h2>\n<p><span>Nowadays, our institution is the renowned alma mater of English teachers (at early childhood, elementary, and secondary education levels) and translators. The faculty is integrated by professionals with outstanding academic and human qualities, who have obtained undergraduate and postgraduate degrees locally and internationally. Much of the faculty is devoted to training future teachers, as well as offering seminars, conferences, workshops, and lectures for advanced students and teachers.<\/span><\/p>\n<p><span>Since its creation to the date, the institute has trained teachers whose outstanding academic and professional expertise sets them apart. Our graduates have worked in various educational institutions in the city, the country, and abroad. Some have even dedicated to researching.\u00a0<\/span><\/p>\n<p>The institute is characterised by personalised instruction and a special focus on guidance for each student, paying special attention to their specific contexts and interests. Our counsellors interview first-year students to mentor and offer them educational support throughout their academic paths. We also offer \u201cPeer-to-peer Mentoring\u201d, in which senior students help and guide juniors.<\/p>\n<p>An important benefit to highlight are the scholarships our institute provide to help students facing difficulties to pay the fee. Our aim is to promote high-quality teaching and translation programmes; hence, we want to facilitate access to those who show the vocation and motivation to pursue our degrees.<\/p>\n<p>Another salient characteristic of our institute is the continuous development of our graduates. All English teachers that are interested in higher education institutions are given the opportunity to work as assistants in the subjects offered by the institute. This allows them to complete their training and specialise in a particular disciplinary field.<\/p>\n<p>Additionally, every semester the institute organises seminars and workshops on various topics related to the teaching and learning of the foreign language, as well as holistic cultural courses designed for advanced students of the teaching and translation programmes.<\/p>\n<p>Our institute also works in cooperation with the Santa Fe English Teachers\u2019 Association (ASPI), organising the agenda of specialisation courses for teachers and advanced students of English. The institute functions as ASPI\u2019s headquarters.<\/p>\n<p>The teaching training programme is deeply involved with the community: we have collaborated with different local educational and cultural institutions, such as the Historical Archive of the Province. We also have agreements with schools to guarantee reciprocity in terms of teaching and knowledge exchanges, such as the Dante Alighieri School, and other schools where our students can complete their teaching practices: San Jos\u00e9 Arquidiocesano, and Nuestra Se\u00f1ora del Calvario (primary and secondary level); and La Salle Jobson, Sagrado Coraz\u00f3n, and IPEI (secondary level).<\/p>\n<\/div><\/div><\/div><\/div><\/div><\/div><\/div><\/section>\n","protected":false},"excerpt":{"rendered":"About usHISTORYTHE INSTITUTE TODAYHistory Our institute was founded in 1970 by Order No. 602 of the Province Private Education Service to incorporate as of 16 March 1970 the advanced education courses of English and French, then offered by the Technical School no. 8 \u201cAcademia de Lenguas Vivas\u201d, into the Higher Education Institute of Teacher Training...","protected":false},"author":1,"featured_media":0,"parent":0,"menu_order":0,"comment_status":"closed","ping_status":"closed","template":"","meta":{"_joinchat":[],"footnotes":""},"class_list":["post-24361","page","type-page","status-publish","hentry"],"_links":{"self":[{"href":"https:\/\/institutocervera.edu.ar\/en\/wp-json\/wp\/v2\/pages\/24361","targetHints":{"allow":["GET"]}}],"collection":[{"href":"https:\/\/institutocervera.edu.ar\/en\/wp-json\/wp\/v2\/pages"}],"about":[{"href":"https:\/\/institutocervera.edu.ar\/en\/wp-json\/wp\/v2\/types\/page"}],"author":[{"embeddable":true,"href":"https:\/\/institutocervera.edu.ar\/en\/wp-json\/wp\/v2\/users\/1"}],"replies":[{"embeddable":true,"href":"https:\/\/institutocervera.edu.ar\/en\/wp-json\/wp\/v2\/comments?post=24361"}],"version-history":[{"count":10,"href":"https:\/\/institutocervera.edu.ar\/en\/wp-json\/wp\/v2\/pages\/24361\/revisions"}],"predecessor-version":[{"id":24588,"href":"https:\/\/institutocervera.edu.ar\/en\/wp-json\/wp\/v2\/pages\/24361\/revisions\/24588"}],"wp:attachment":[{"href":"https:\/\/institutocervera.edu.ar\/en\/wp-json\/wp\/v2\/media?parent=24361"}],"curies":[{"name":"wp","href":"https:\/\/api.w.org\/{rel}","templated":true}]}}